{"id":154,"date":"2023-10-29T10:52:16","date_gmt":"2023-10-29T09:52:16","guid":{"rendered":"https:\/\/gitebonmaraval.fr\/?page_id=154"},"modified":"2023-10-29T14:47:12","modified_gmt":"2023-10-29T13:47:12","slug":"foire-aux-questions","status":"publish","type":"page","link":"https:\/\/gitebonmaraval.fr\/?page_id=154","title":{"rendered":"Foire Aux Questions"},"content":{"rendered":"<p>[et_pb_section fb_built=&#8221;1&#8243; admin_label=&#8221;Blog&#8221; _builder_version=&#8221;4.21.0&#8243; _module_preset=&#8221;default&#8221; background_color=&#8221;#ebe4dd&#8221; collapsed=&#8221;on&#8221; global_colors_info=&#8221;{}&#8221;][et_pb_row _builder_version=&#8221;4.17.6&#8243; _module_preset=&#8221;default&#8221; global_colors_info=&#8221;{}&#8221;][et_pb_column type=&#8221;4_4&#8243; _builder_version=&#8221;4.17.6&#8243; _module_preset=&#8221;default&#8221; global_colors_info=&#8221;{}&#8221;][et_pb_text _builder_version=&#8221;4.21.0&#8243; _module_preset=&#8221;c16985e1-e0d6-4022-964d-e2bfc04fa633&#8243; text_text_color=&#8221;#955628&#8243; text_font_size=&#8221;60px&#8221; text_letter_spacing=&#8221;-3px&#8221; text_line_height=&#8221;1em&#8221; header_font=&#8221;Manrope|700|||||||&#8221; header_text_color=&#8221;#000000&#8243; header_font_size=&#8221;75px&#8221; header_letter_spacing=&#8221;0.05em&#8221; header_line_height=&#8221;1.2em&#8221; header_font_size_tablet=&#8221;40px&#8221; header_font_size_phone=&#8221;24px&#8221; header_font_size_last_edited=&#8221;on|desktop&#8221; global_colors_info=&#8221;{}&#8221;]<\/p>\n<p><strong>FOIRE AUX QUESTIONS<\/strong><\/p>\n<p>[\/et_pb_text][\/et_pb_column][\/et_pb_row][et_pb_row _builder_version=&#8221;4.17.6&#8243; _module_preset=&#8221;default&#8221; global_colors_info=&#8221;{}&#8221;][et_pb_column type=&#8221;4_4&#8243; _builder_version=&#8221;4.17.6&#8243; _module_preset=&#8221;default&#8221; global_colors_info=&#8221;{}&#8221;][et_pb_text _builder_version=&#8221;4.21.0&#8243; _module_preset=&#8221;default&#8221; text_text_color=&#8221;#095228&#8243; text_font_size=&#8221;20px&#8221; global_colors_info=&#8221;{}&#8221;]<\/p>\n<p><strong>INFORMATIONS PRATIQUES<\/strong><\/p>\n<p>[\/et_pb_text][et_pb_accordion _builder_version=&#8221;4.22.2&#8243; _module_preset=&#8221;default&#8221; global_colors_info=&#8221;{}&#8221;][et_pb_accordion_item title=&#8221;\u00c0 QUELLE HEURE PEUT-ON S&#8217;INSTALLER DANS LE G\u00ceTE ?&#8221; open=&#8221;on&#8221; open_toggle_text_color=&#8221;#666666&#8243; _builder_version=&#8221;4.21.0&#8243; _module_preset=&#8221;default&#8221; body_text_color=&#8221;#000000&#8243; global_colors_info=&#8221;{}&#8221; toggle_font=&#8221;|600|||||||&#8221;]<\/p>\n<p>Les arriv\u00e9es s&#8217;effectuent <strong>entre 17 heures et 19 heures<\/strong>. Une heure approximative d&#8217;arriv\u00e9e vous sera demand\u00e9e lors de la r\u00e9servation de votre s\u00e9jour. Votre h\u00f4te, St\u00e9phane, vous recevra \u00e0 l&#8217;horaire fix\u00e9 afin de r\u00e9aliser avec vous une premi\u00e8re visite et un \u00e9tat des lieux d&#8217;entr\u00e9e.<\/p>\n<p>[\/et_pb_accordion_item][et_pb_accordion_item title=&#8221;\u00c0 QUELLE HEURE DOIT-ON QUITTER LE G\u00ceTE ?&#8221; _builder_version=&#8221;4.21.0&#8243; _module_preset=&#8221;default&#8221; global_colors_info=&#8221;{}&#8221; toggle_text_color=&#8221;#666666&#8243; toggle_font=&#8221;|600|||||||&#8221; open=&#8221;off&#8221;]<\/p>\n<p>Les d\u00e9parts s&#8217;effectuent <strong>avant 10 heures<\/strong>. Votre h\u00f4te, St\u00e9phane, effectuera avec vous un \u00e9tat des lieux de sortie du g\u00eete.<\/p>\n<p>[\/et_pb_accordion_item][et_pb_accordion_item title=&#8221;COMMENT CONNA\u00ceTRE LES MODALIT\u00c9S DE R\u00c9SERVATION D&#8217;UN S\u00c9JOUR AU G\u00ceTE BON MARAVAL ?&#8221; _builder_version=&#8221;4.21.0&#8243; _module_preset=&#8221;default&#8221; body_text_color=&#8221;#000000&#8243; global_colors_info=&#8221;{}&#8221; toggle_text_color=&#8221;#666666&#8243; toggle_font=&#8221;|600|||||||&#8221; open=&#8221;off&#8221;]<\/p>\n<p>La r\u00e9servation de votre s\u00e9jour s&#8217;effectue <strong>en ligne <\/strong>sur le site internet de G\u00eetes de France Dordogne-P\u00e9rigord ou <strong>par t\u00e9l\u00e9phone<\/strong>\u00a0sur la plateforme G\u00eetes de France Dordogne-P\u00e9rigord au<span>\u00a0<\/span><strong>05 36 15 00 24<\/strong>.<\/p>\n<p>Votre h\u00f4te, St\u00e9phane, reste \u00e0 votre enti\u00e8re disposition pour r\u00e9pondre \u00e0 toutes vos questions au <span><strong>07 60 46 27 06<\/strong>.<\/span><\/p>\n<p><span>Retrouvez \u00e9galement toutes les informations relatives \u00e0 la r\u00e9servation d&#8217;un s\u00e9jour dans la FAQ G\u00eetes de France : <a href=\"https:\/\/www.gites-de-france.com\/fr\/faq\">www.gites-de-france.com\/fr\/faq.<\/a><\/span><\/p>\n<p>[\/et_pb_accordion_item][et_pb_accordion_item title=&#8221;PEUT-ON R\u00c9GLER NOTRE S\u00c9JOUR EN CH\u00c8QUES VACANCES ?&#8221; _builder_version=&#8221;4.21.0&#8243; _module_preset=&#8221;default&#8221; global_colors_info=&#8221;{}&#8221; toggle_text_color=&#8221;#666666&#8243; toggle_font=&#8221;|600|||||||&#8221; open=&#8221;off&#8221;]<\/p>\n<p>Sur le site internet ou via la plateforme de r\u00e9servation G\u00eetes de France, il vous est possible de r\u00e9gler votre s\u00e9jour par <strong>carte bancaire ou virement<\/strong>. Les <strong>ch\u00e8ques vacances ANCV<\/strong> sont \u00e9galement accept\u00e9s.<\/p>\n<p>Retrouvez toutes les informations relatives \u00e0 la r\u00e9servation d&#8217;un s\u00e9jour dans la FAQ G\u00eetes de France : <a href=\"https:\/\/www.gites-de-france.com\/fr\/faq\">www.gites-de-france.com\/fr\/faq.<\/a><\/p>\n<p>[\/et_pb_accordion_item][et_pb_accordion_item title=&#8221;\u00c0 QUELLE DISTANCE SE SITUENT LE SUPERMARCH\u00c9 ET LA STATION-SERVICE LES PLUS PROCHES ?&#8221; _builder_version=&#8221;4.22.2&#8243; _module_preset=&#8221;default&#8221; global_colors_info=&#8221;{}&#8221; toggle_text_color=&#8221;#666666&#8243; toggle_font=&#8221;|600|||||||&#8221; open=&#8221;off&#8221;]<\/p>\n<p>Vous pourrez tr\u00e8s facilement faire vos courses et votre plein dans les supermarch\u00e9s et stations de <strong>Brant\u00f4me<\/strong>, situ\u00e9e \u00e0 <strong>moins de 10 minutes<\/strong> du g\u00eete.<\/p>\n<p>Pour les propri\u00e9taires de v\u00e9hicules \u00e9lectriques ou hybrides rechargeables, <strong>une prise s\u00e9curis\u00e9e Green&#8217;Up pour la recharge est \u00e0 votre disposition<\/strong> sur le parking priv\u00e9 du g\u00eete (tarif au forfait \u00e0 r\u00e9gler sur place).<\/p>\n<p>[\/et_pb_accordion_item][et_pb_accordion_item title=&#8221;LE G\u00ceTE EST-IL OUVERT TOUTE L&#8217;ANN\u00c9E ?&#8221; _builder_version=&#8221;4.22.2&#8243; _module_preset=&#8221;default&#8221; global_colors_info=&#8221;{}&#8221; toggle_text_color=&#8221;#666666&#8243; toggle_font=&#8221;|600|||||||&#8221; open=&#8221;off&#8221;]<\/p>\n<p><strong>Le g\u00eete Bon Maraval est ouvert toute l&#8217;ann\u00e9e.<\/strong><\/p>\n<p>Les tarifs d&#8217;un s\u00e9jour varient en fonction de la p\u00e9riode de r\u00e9servation (tr\u00e8s haute, haute, moyenne et basse saison).<\/p>\n<p>Plus d&#8217;informations sur <a href=\"https:\/\/www.gites-de-france.com\/fr\/nouvelle-aquitaine\/dordogne\/gite-bon-maraval-24g1099\" target=\"_blank\" rel=\"noopener\">notre page G\u00eetes de France<\/a>.<\/p>\n<p>[\/et_pb_accordion_item][\/et_pb_accordion][et_pb_text _builder_version=&#8221;4.21.0&#8243; _module_preset=&#8221;default&#8221; text_text_color=&#8221;#095228&#8243; text_font_size=&#8221;20px&#8221; global_colors_info=&#8221;{}&#8221;]<\/p>\n<p><strong>LE G\u00ceTE &amp; SES EXT\u00c9RIEURS<\/strong><\/p>\n<p>[\/et_pb_text][et_pb_accordion _builder_version=&#8221;4.22.2&#8243; _module_preset=&#8221;default&#8221; global_colors_info=&#8221;{}&#8221;][et_pb_accordion_item title=&#8221;EST-IL POSSIBLE DE FUMER \u00c0 L&#8217;EXT\u00c9RIEUR DU G\u00ceTE ?&#8221; open=&#8221;on&#8221; _builder_version=&#8221;4.21.0&#8243; _module_preset=&#8221;default&#8221; global_colors_info=&#8221;{}&#8221; toggle_text_color=&#8221;#666666&#8243; toggle_font=&#8221;|600|||||||&#8221;]<\/p>\n<p>Par respect pour les non-fumeurs et le lieu de s\u00e9jour, <strong>il est interdit de fumer \u00e0 l&#8217;int\u00e9rieur du g\u00eete<\/strong>.<\/p>\n<p>Vous pouvez n\u00e9anmoins fumer \u00e0 l&#8217;ext\u00e9rieur, sur la terrasse du g\u00eete, en veillant \u00e0 <strong>jeter vos m\u00e9gots de cigarettes dans le cendrier mis \u00e0 votre disposition \u00e0 cet effet<\/strong>.<\/p>\n<p>[\/et_pb_accordion_item][et_pb_accordion_item title=&#8221;LE JARDIN EST-IL CLOS ?&#8221; _builder_version=&#8221;4.22.2&#8243; _module_preset=&#8221;default&#8221; global_colors_info=&#8221;{}&#8221; toggle_text_color=&#8221;#666666&#8243; toggle_font=&#8221;|600|||||||&#8221; open=&#8221;off&#8221;]<\/p>\n<p>Le jardin de la propri\u00e9t\u00e9 <strong>n&#8217;est pas cl\u00f4tur\u00e9<\/strong>. Le Domaine est d\u00e9limit\u00e9 par la for\u00eat.<\/p>\n<p><span>L&#8217;espace est assez grand pour que les enfants jouent librement et sans danger. <\/span><\/p>\n<p>[\/et_pb_accordion_item][\/et_pb_accordion][et_pb_text _builder_version=&#8221;4.21.0&#8243; _module_preset=&#8221;default&#8221; text_text_color=&#8221;#095228&#8243; text_font_size=&#8221;20px&#8221; global_colors_info=&#8221;{}&#8221;]<\/p>\n<p><strong>\u00c9QUIPEMENTS &amp; SERVICES<\/strong><\/p>\n<p>[\/et_pb_text][et_pb_accordion _builder_version=&#8221;4.22.2&#8243; _module_preset=&#8221;default&#8221; global_colors_info=&#8221;{}&#8221;][et_pb_accordion_item title=&#8221;LE G\u00ceTE EST-IL ACCESSIBLE AUX PERSONNES EN SITUATION DE HANDICAP ?&#8221; open=&#8221;on&#8221; _builder_version=&#8221;4.22.2&#8243; _module_preset=&#8221;default&#8221; global_colors_info=&#8221;{}&#8221; toggle_text_color=&#8221;#666666&#8243; toggle_font=&#8221;|600|||||||&#8221;]<\/p>\n<p>Le g\u00eete <strong>ne dispose pas des am\u00e9nagements n\u00e9cessaires<\/strong> \u00e0 l&#8217;accueil de personnes \u00e0 mobilit\u00e9 r\u00e9duite.<\/p>\n<p>[\/et_pb_accordion_item][et_pb_accordion_item title=&#8221;LE G\u00ceTE EST-IL \u00c9QUIP\u00c9 POUR LES ENFANTS ?&#8221; _builder_version=&#8221;4.22.2&#8243; _module_preset=&#8221;default&#8221; global_colors_info=&#8221;{}&#8221; toggle_font=&#8221;|600|||||||&#8221; open=&#8221;off&#8221;]<\/p>\n<p id=\"viewer-atf0a\" class=\"xVISr Y9Dpf OZy-3 lnyWN public-DraftStyleDefault-block-depth0 fixed-tab-size public-DraftStyleDefault-text-ltr\"><span class=\"B2EFF public-DraftStyleDefault-ltr\"><span>Vos h\u00f4tes pourront vous mettre \u00e0 disposition <strong>une chaise haute et\/ou un lit parapluie, un transat de bain, une baignoire sur pied, un matelas \u00e0 langer, un r\u00e9ducteur de WC et un marche-pied<\/strong>.<\/span><\/span><\/p>\n<p id=\"viewer-7cgt6\" class=\"xVISr Y9Dpf OZy-3 lnyWN public-DraftStyleDefault-block-depth0 fixed-tab-size public-DraftStyleDefault-text-ltr\"><span class=\"B2EFF public-DraftStyleDefault-ltr\"><span> N&#8217;h\u00e9sitez pas \u00e0 les informer en amont de vos besoins lors de votre r\u00e9servation.<\/span><\/span><\/p>\n<p class=\"xVISr Y9Dpf OZy-3 lnyWN public-DraftStyleDefault-block-depth0 fixed-tab-size public-DraftStyleDefault-text-ltr\"><span class=\"B2EFF public-DraftStyleDefault-ltr\"><span><strong>Des jeux de soci\u00e9t\u00e9 et des jeux d&#8217;ext\u00e9rieur sont \u00e9galement \u00e0 votre disposition<\/strong> pendant toute la dur\u00e9e de votre s\u00e9jour.\u00a0<\/span><\/span><\/p>\n<p>[\/et_pb_accordion_item][et_pb_accordion_item title=&#8221;LE PAPIER HYGI\u00c9NIQUE ET LE N\u00c9CESSAIRE D&#8217;HYGI\u00c8NE SONT-ILS MIS \u00c0 DISPOSITION \u00c0 NOTRE ARRIV\u00c9E ?&#8221; _builder_version=&#8221;4.22.2&#8243; _module_preset=&#8221;default&#8221; global_colors_info=&#8221;{}&#8221; toggle_font=&#8221;|600|||||||&#8221; open=&#8221;off&#8221;]<\/p>\n<p><strong>Un petit kit d&#8217;hygi\u00e8ne et m\u00e9nager<\/strong> est \u00e0 votre disposition \u00e0 votre arriv\u00e9e afin de d\u00e9buter votre s\u00e9jour en toute s\u00e9r\u00e9nit\u00e9.<\/p>\n<p>[\/et_pb_accordion_item][\/et_pb_accordion][\/et_pb_column][\/et_pb_row][\/et_pb_section][et_pb_section fb_built=&#8221;1&#8243; admin_label=&#8221;Footer&#8221; _builder_version=&#8221;4.21.0&#8243; _module_preset=&#8221;default&#8221; background_color=&#8221;#FFFFFF&#8221; custom_padding=&#8221;||0px||false|false&#8221; collapsed=&#8221;on&#8221; global_colors_info=&#8221;{}&#8221;][et_pb_row column_structure=&#8221;1_4,1_4,1_4,1_4&#8243; _builder_version=&#8221;4.21.0&#8243; _module_preset=&#8221;default&#8221; global_colors_info=&#8221;{}&#8221;][et_pb_column type=&#8221;1_4&#8243; _builder_version=&#8221;4.17.6&#8243; _module_preset=&#8221;default&#8221; global_colors_info=&#8221;{}&#8221;][et_pb_image src=&#8221;http:\/\/gitebonmaraval.fr\/wp-content\/uploads\/2023\/04\/LOGO_V1_VERT-SAPIN.png&#8221; alt=&#8221;Logo g\u00eete Bon Maraval vert&#8221; title_text=&#8221;Logo g\u00eete Bon Maraval vert&#8221; _builder_version=&#8221;4.21.0&#8243; _module_preset=&#8221;default&#8221; width=&#8221;100%&#8221; global_colors_info=&#8221;{}&#8221;][\/et_pb_image][\/et_pb_column][et_pb_column type=&#8221;1_4&#8243; _builder_version=&#8221;4.17.6&#8243; _module_preset=&#8221;default&#8221; global_colors_info=&#8221;{}&#8221;][et_pb_text _builder_version=&#8221;4.21.0&#8243; _module_preset=&#8221;4827deed-2a92-4d97-a22f-f01067ae6873&#8243; text_text_color=&#8221;#095228&#8243; text_font_size=&#8221;20px&#8221; header_font=&#8221;||||||||&#8221; header_4_font=&#8221;Manrope|700|||||||&#8221; header_4_text_color=&#8221;#000000&#8243; header_4_font_size=&#8221;19px&#8221; header_4_line_height=&#8221;1.4em&#8221; custom_margin=&#8221;||20px||false|false&#8221; header_4_font_size_tablet=&#8221;16px&#8221; header_4_font_size_phone=&#8221;14px&#8221; header_4_font_size_last_edited=&#8221;on|tablet&#8221; global_colors_info=&#8221;{}&#8221;]<\/p>\n<p><strong>ACC\u00c8S DIRECT<\/strong><\/p>\n<p>[\/et_pb_text][et_pb_text _builder_version=&#8221;4.23&#8243; _module_preset=&#8221;1f09816e-184e-4ce5-a4cf-b39c52c423ca&#8221; text_font=&#8221;||||||||&#8221; text_text_color=&#8221;#666666&#8243; link_text_color=&#8221;#666666&#8243; custom_margin=&#8221;||10px||false|false&#8221; hover_enabled=&#8221;0&#8243; text_font_size_tablet=&#8221;15px&#8221; text_font_size_phone=&#8221;14px&#8221; text_font_size_last_edited=&#8221;on|phone&#8221; header_font_size_tablet=&#8221;55px&#8221; header_font_size_last_edited=&#8221;off|desktop&#8221; global_colors_info=&#8221;{}&#8221; link_option_url_new_window=&#8221;on&#8221; link_option_url=&#8221;@ET-DC@eyJkeW5hbWljIjp0cnVlLCJjb250ZW50IjoicG9zdF9saW5rX3VybF9wYWdlIiwic2V0dGluZ3MiOnsicG9zdF9pZCI6IjExOCJ9fQ==@&#8221; _dynamic_attributes=&#8221;link_option_url&#8221; sticky_enabled=&#8221;0&#8243;]<\/p>\n<p>NOTRE G\u00ceTE<\/p>\n<p>[\/et_pb_text][et_pb_text _builder_version=&#8221;4.23&#8243; _module_preset=&#8221;1f09816e-184e-4ce5-a4cf-b39c52c423ca&#8221; text_font=&#8221;||||||||&#8221; text_text_color=&#8221;#666666&#8243; link_text_color=&#8221;#666666&#8243; custom_margin=&#8221;||10px||false|false&#8221; hover_enabled=&#8221;0&#8243; text_font_size_tablet=&#8221;15px&#8221; text_font_size_phone=&#8221;14px&#8221; text_font_size_last_edited=&#8221;on|phone&#8221; header_font_size_tablet=&#8221;55px&#8221; header_font_size_last_edited=&#8221;off|desktop&#8221; global_colors_info=&#8221;{}&#8221; link_option_url_new_window=&#8221;on&#8221; link_option_url=&#8221;@ET-DC@eyJkeW5hbWljIjp0cnVlLCJjb250ZW50IjoicG9zdF9saW5rX3VybF9wYWdlIiwic2V0dGluZ3MiOnsicG9zdF9pZCI6IjE1NiJ9fQ==@&#8221; _dynamic_attributes=&#8221;link_option_url&#8221; sticky_enabled=&#8221;0&#8243;]<\/p>\n<p>\u00c9QUIPEMENTS<\/p>\n<p>[\/et_pb_text][et_pb_text _builder_version=&#8221;4.23&#8243; _module_preset=&#8221;1f09816e-184e-4ce5-a4cf-b39c52c423ca&#8221; text_font=&#8221;||||||||&#8221; text_text_color=&#8221;#666666&#8243; link_text_color=&#8221;#666666&#8243; custom_margin=&#8221;||10px||false|false&#8221; hover_enabled=&#8221;0&#8243; text_font_size_tablet=&#8221;15px&#8221; text_font_size_phone=&#8221;14px&#8221; text_font_size_last_edited=&#8221;on|phone&#8221; header_font_size_tablet=&#8221;55px&#8221; header_font_size_last_edited=&#8221;off|desktop&#8221; global_colors_info=&#8221;{}&#8221; link_option_url_new_window=&#8221;on&#8221; link_option_url=&#8221;@ET-DC@eyJkeW5hbWljIjp0cnVlLCJjb250ZW50IjoicG9zdF9saW5rX3VybF9wYWdlIiwic2V0dGluZ3MiOnsicG9zdF9pZCI6IjEwNyJ9fQ==@&#8221; _dynamic_attributes=&#8221;link_option_url&#8221; sticky_enabled=&#8221;0&#8243;]<\/p>\n<p>ACTIVIT\u00c9S<\/p>\n<p>[\/et_pb_text][et_pb_text _builder_version=&#8221;4.23&#8243; _module_preset=&#8221;1f09816e-184e-4ce5-a4cf-b39c52c423ca&#8221; text_font=&#8221;||||||||&#8221; text_text_color=&#8221;#666666&#8243; link_text_color=&#8221;#666666&#8243; custom_margin=&#8221;||10px||false|false&#8221; hover_enabled=&#8221;0&#8243; text_font_size_tablet=&#8221;15px&#8221; text_font_size_phone=&#8221;14px&#8221; text_font_size_last_edited=&#8221;on|phone&#8221; header_font_size_tablet=&#8221;55px&#8221; header_font_size_last_edited=&#8221;off|desktop&#8221; global_colors_info=&#8221;{}&#8221; link_option_url_new_window=&#8221;on&#8221; link_option_url=&#8221;@ET-DC@eyJkeW5hbWljIjp0cnVlLCJjb250ZW50IjoicG9zdF9saW5rX3VybF9wYWdlIiwic2V0dGluZ3MiOnsicG9zdF9pZCI6IjE1NCJ9fQ==@&#8221; _dynamic_attributes=&#8221;link_option_url&#8221; sticky_enabled=&#8221;0&#8243;]<\/p>\n<p>UNE QUESTION ?<\/p>\n<p>[\/et_pb_text][\/et_pb_column][et_pb_column type=&#8221;1_4&#8243; _builder_version=&#8221;4.17.6&#8243; _module_preset=&#8221;default&#8221; global_colors_info=&#8221;{}&#8221;][et_pb_text _builder_version=&#8221;4.21.0&#8243; _module_preset=&#8221;4827deed-2a92-4d97-a22f-f01067ae6873&#8243; text_font=&#8221;|||on|||||&#8221; text_text_color=&#8221;#095228&#8243; text_font_size=&#8221;20px&#8221; header_font=&#8221;||||||||&#8221; header_4_font=&#8221;Manrope|700|||||||&#8221; header_4_text_color=&#8221;#000000&#8243; header_4_font_size=&#8221;19px&#8221; header_4_line_height=&#8221;1.4em&#8221; custom_margin=&#8221;||20px||false|false&#8221; header_4_font_size_tablet=&#8221;16px&#8221; header_4_font_size_phone=&#8221;14px&#8221; header_4_font_size_last_edited=&#8221;on|tablet&#8221; locked=&#8221;off&#8221; global_colors_info=&#8221;{}&#8221;]<\/p>\n<p><strong>Contact<\/strong><\/p>\n<p>[\/et_pb_text][et_pb_text _builder_version=&#8221;4.21.0&#8243; _module_preset=&#8221;4827deed-2a92-4d97-a22f-f01067ae6873&#8243; text_text_color=&#8221;#666666&#8243; text_line_height=&#8221;1em&#8221; header_font=&#8221;||||||||&#8221; header_4_font=&#8221;Manrope|700|||||||&#8221; header_4_text_color=&#8221;#008186&#8243; header_4_font_size=&#8221;19px&#8221; header_4_line_height=&#8221;1.4em&#8221; custom_margin=&#8221;||0px||false|false&#8221; header_4_font_size_tablet=&#8221;16px&#8221; header_4_font_size_phone=&#8221;14px&#8221; header_4_font_size_last_edited=&#8221;on|tablet&#8221; global_colors_info=&#8221;{}&#8221;]<\/p>\n<p><strong>M. &amp; Mme JACOPY<\/strong><\/p>\n<p>254 route de Villars<\/p>\n<p>24530 Champagnac-de-Belair<\/p>\n<p>T : 07 60 46 27 06<\/p>\n<p>contact@gitebonmaraval.fr<\/p>\n<p>[\/et_pb_text][\/et_pb_column][et_pb_column type=&#8221;1_4&#8243; _builder_version=&#8221;4.17.6&#8243; _module_preset=&#8221;default&#8221; global_colors_info=&#8221;{}&#8221;][et_pb_text _builder_version=&#8221;4.21.0&#8243; _module_preset=&#8221;4827deed-2a92-4d97-a22f-f01067ae6873&#8243; text_text_color=&#8221;#095228&#8243; text_font_size=&#8221;20px&#8221; header_font=&#8221;||||||||&#8221; header_4_font=&#8221;Manrope|700|||||||&#8221; header_4_text_color=&#8221;#000000&#8243; header_4_font_size=&#8221;19px&#8221; header_4_line_height=&#8221;1.4em&#8221; custom_margin=&#8221;||10px||false|false&#8221; header_4_font_size_tablet=&#8221;16px&#8221; header_4_font_size_phone=&#8221;14px&#8221; header_4_font_size_last_edited=&#8221;on|tablet&#8221; locked=&#8221;off&#8221; global_colors_info=&#8221;{}&#8221;]<\/p>\n<p><strong>SUIVEZ-NOUS !<\/strong><\/p>\n<p>[\/et_pb_text][et_pb_social_media_follow icon_color=&#8221;#955628&#8243; use_icon_font_size=&#8221;on&#8221; icon_font_size=&#8221;20px&#8221; _builder_version=&#8221;4.21.0&#8243; _module_preset=&#8221;default&#8221; global_colors_info=&#8221;{}&#8221;][et_pb_social_media_follow_network social_network=&#8221;facebook&#8221; _builder_version=&#8221;4.17.6&#8243; _module_preset=&#8221;default&#8221; global_colors_info=&#8221;{}&#8221; follow_button=&#8221;off&#8221; url_new_window=&#8221;on&#8221;]facebook[\/et_pb_social_media_follow_network][et_pb_social_media_follow_network social_network=&#8221;instagram&#8221; _builder_version=&#8221;4.17.6&#8243; _module_preset=&#8221;default&#8221; global_colors_info=&#8221;{}&#8221; follow_button=&#8221;off&#8221; url_new_window=&#8221;on&#8221;]instagram[\/et_pb_social_media_follow_network][et_pb_social_media_follow_network social_network=&#8221;youtube&#8221; _builder_version=&#8221;4.17.6&#8243; _module_preset=&#8221;default&#8221; background_color=&#8221;RGBA(255,255,255,0)&#8221; background_enable_color=&#8221;on&#8221; global_colors_info=&#8221;{}&#8221; follow_button=&#8221;off&#8221; url_new_window=&#8221;on&#8221;]youtube[\/et_pb_social_media_follow_network][\/et_pb_social_media_follow][et_pb_button button_url=&#8221;https:\/\/www.gites-de-france.com\/fr\/nouvelle-aquitaine\/dordogne\/gite-bon-maraval-24g1099&#8243; url_new_window=&#8221;on&#8221; button_text=&#8221;R\u00c9SERVER&#8221; _builder_version=&#8221;4.22.2&#8243; _module_preset=&#8221;default&#8221; custom_button=&#8221;on&#8221; button_text_size=&#8221;14px&#8221; button_text_color=&#8221;#FFFFFF&#8221; button_bg_color=&#8221;#095228&#8243; button_border_width=&#8221;0px&#8221; button_border_radius=&#8221;0px&#8221; button_font=&#8221;|700||on|||||&#8221; custom_padding=&#8221;16px|24px|16px|24px|true|true&#8221; global_colors_info=&#8221;{}&#8221;][\/et_pb_button][\/et_pb_column][\/et_pb_row][\/et_pb_section]<\/p>\n","protected":false},"excerpt":{"rendered":"<p>FOIRE AUX QUESTIONSINFORMATIONS PRATIQUESLes arriv\u00e9es s&#8217;effectuent entre 17 heures et 19 heures. Une heure approximative d&#8217;arriv\u00e9e vous sera demand\u00e9e lors de la r\u00e9servation de votre s\u00e9jour. Votre h\u00f4te, St\u00e9phane, vous recevra \u00e0 l&#8217;horaire fix\u00e9 afin de r\u00e9aliser avec vous une premi\u00e8re visite et un \u00e9tat des lieux d&#8217;entr\u00e9e.Les d\u00e9parts s&#8217;effectuent avant 10 heures. Votre h\u00f4te, [&hellip;]<\/p>\n","protected":false},"author":1,"featured_media":0,"parent":0,"menu_order":0,"comment_status":"closed","ping_status":"closed","template":"","meta":{"_et_pb_use_builder":"on","_et_pb_old_content":"<!-- wp:divi\/placeholder \/-->","_et_gb_content_width":"","footnotes":""},"class_list":["post-154","page","type-page","status-publish","hentry"],"jetpack_sharing_enabled":true,"_links":{"self":[{"href":"https:\/\/gitebonmaraval.fr\/index.php?rest_route=\/wp\/v2\/pages\/154","targetHints":{"allow":["GET"]}}],"collection":[{"href":"https:\/\/gitebonmaraval.fr\/index.php?rest_route=\/wp\/v2\/pages"}],"about":[{"href":"https:\/\/gitebonmaraval.fr\/index.php?rest_route=\/wp\/v2\/types\/page"}],"author":[{"embeddable":true,"href":"https:\/\/gitebonmaraval.fr\/index.php?rest_route=\/wp\/v2\/users\/1"}],"replies":[{"embeddable":true,"href":"https:\/\/gitebonmaraval.fr\/index.php?rest_route=%2Fwp%2Fv2%2Fcomments&post=154"}],"version-history":[{"count":16,"href":"https:\/\/gitebonmaraval.fr\/index.php?rest_route=\/wp\/v2\/pages\/154\/revisions"}],"predecessor-version":[{"id":475,"href":"https:\/\/gitebonmaraval.fr\/index.php?rest_route=\/wp\/v2\/pages\/154\/revisions\/475"}],"wp:attachment":[{"href":"https:\/\/gitebonmaraval.fr\/index.php?rest_route=%2Fwp%2Fv2%2Fmedia&parent=154"}],"curies":[{"name":"wp","href":"https:\/\/api.w.org\/{rel}","templated":true}]}}